{"id":88,"date":"2018-04-24T08:47:48","date_gmt":"2018-04-24T11:47:48","guid":{"rendered":"http:\/\/demo.acmethemes.com\/construction-field-pro\/?page_id=60"},"modified":"2020-10-05T19:50:45","modified_gmt":"2020-10-05T22:50:45","slug":"vision","status":"publish","type":"page","link":"http:\/\/constructoragodoy.com.ar\/web\/vision\/","title":{"rendered":"Visi\u00f3n"},"content":{"rendered":"","protected":false},"excerpt":{"rendered":"<p>Agregar el m\u00e1ximo valor posible a los servicios que ofrecemos adaptando el proceso de ejecuci\u00f3n de obras a la evoluci\u00f3n de los requisitos y circunstancias de la industria actual de la construcci\u00f3n.<\/p>\n","protected":false},"author":2,"featured_media":0,"parent":0,"menu_order":0,"comment_status":"closed","ping_status":"closed","template":"","meta":{"ngg_post_thumbnail":0,"footnotes":""},"class_list":["post-88","page","type-page","status-publish","hentry"],"_links":{"self":[{"href":"http:\/\/constructoragodoy.com.ar\/web\/wp-json\/wp\/v2\/pages\/88","targetHints":{"allow":["GET"]}}],"collection":[{"href":"http:\/\/constructoragodoy.com.ar\/web\/wp-json\/wp\/v2\/pages"}],"about":[{"href":"http:\/\/constructoragodoy.com.ar\/web\/wp-json\/wp\/v2\/types\/page"}],"author":[{"embeddable":true,"href":"http:\/\/constructoragodoy.com.ar\/web\/wp-json\/wp\/v2\/users\/2"}],"replies":[{"embeddable":true,"href":"http:\/\/constructoragodoy.com.ar\/web\/wp-json\/wp\/v2\/comments?post=88"}],"version-history":[{"count":1,"href":"http:\/\/constructoragodoy.com.ar\/web\/wp-json\/wp\/v2\/pages\/88\/revisions"}],"predecessor-version":[{"id":176,"href":"http:\/\/constructoragodoy.com.ar\/web\/wp-json\/wp\/v2\/pages\/88\/revisions\/176"}],"wp:attachment":[{"href":"http:\/\/constructoragodoy.com.ar\/web\/wp-json\/wp\/v2\/media?parent=88"}],"curies":[{"name":"wp","href":"https:\/\/api.w.org\/{rel}","templated":true}]}}