{"id":82,"date":"2018-04-24T09:03:30","date_gmt":"2018-04-24T09:03:30","guid":{"rendered":"http:\/\/demo.acmethemes.com\/construction-field-pro\/?page_id=82"},"modified":"2020-12-22T10:25:38","modified_gmt":"2020-12-22T13:25:38","slug":"obras-publicas","status":"publish","type":"page","link":"http:\/\/constructoragodoy.com.ar\/web\/obras-publicas\/","title":{"rendered":"Obras P\u00fablicas"},"content":{"rendered":"","protected":false},"excerpt":{"rendered":"<p>Nos especializamos en la provisi\u00f3n de materiales, mano de obra y equipos para la construcci\u00f3n de obras p\u00fablicas tales como cordones cuneta, badenes, redes cloacales y pavimentos de hormig\u00f3n.<\/p>\n","protected":false},"author":2,"featured_media":0,"parent":0,"menu_order":0,"comment_status":"closed","ping_status":"closed","template":"","meta":{"ngg_post_thumbnail":0,"footnotes":""},"class_list":["post-82","page","type-page","status-publish","hentry"],"_links":{"self":[{"href":"http:\/\/constructoragodoy.com.ar\/web\/wp-json\/wp\/v2\/pages\/82","targetHints":{"allow":["GET"]}}],"collection":[{"href":"http:\/\/constructoragodoy.com.ar\/web\/wp-json\/wp\/v2\/pages"}],"about":[{"href":"http:\/\/constructoragodoy.com.ar\/web\/wp-json\/wp\/v2\/types\/page"}],"author":[{"embeddable":true,"href":"http:\/\/constructoragodoy.com.ar\/web\/wp-json\/wp\/v2\/users\/2"}],"replies":[{"embeddable":true,"href":"http:\/\/constructoragodoy.com.ar\/web\/wp-json\/wp\/v2\/comments?post=82"}],"version-history":[{"count":3,"href":"http:\/\/constructoragodoy.com.ar\/web\/wp-json\/wp\/v2\/pages\/82\/revisions"}],"predecessor-version":[{"id":282,"href":"http:\/\/constructoragodoy.com.ar\/web\/wp-json\/wp\/v2\/pages\/82\/revisions\/282"}],"wp:attachment":[{"href":"http:\/\/constructoragodoy.com.ar\/web\/wp-json\/wp\/v2\/media?parent=82"}],"curies":[{"name":"wp","href":"https:\/\/api.w.org\/{rel}","templated":true}]}}