{"id":2,"date":"2013-11-06T11:55:36","date_gmt":"2013-11-06T11:55:36","guid":{"rendered":"http:\/\/constructoragodoy.com.ar\/web\/?page_id=2"},"modified":"2020-12-21T12:21:19","modified_gmt":"2020-12-21T15:21:19","slug":"pagina-ejemplo","status":"publish","type":"page","link":"http:\/\/constructoragodoy.com.ar\/web\/","title":{"rendered":"Somos actores de obras p\u00fablicas y privadas, y buscamos contribuir a la generaci\u00f3n de una econom\u00eda sostenible para nuestro pa\u00eds."},"content":{"rendered":"<p><span style=\"font-family: 'Open Sans Condensed';\">Motorizamos la recuperaci\u00f3n del desarrollo y el crecimiento econ\u00f3mico a partir de la provisi\u00f3n de servicios para la construcci\u00f3n de obras p\u00fablicas y privadas.<\/span><\/p>\n<blockquote><p><span style=\"font-family: 'Open Sans Condensed';\">Constructora Godoy S.R.L. es el resultado de la organizaci\u00f3n de una empresa familiar que inici\u00f3 sus actividades en la d\u00e9cada de 1980, que ha cambiado con el transcurso de los a\u00f1os sin perder su esencia. La empresa ha logrado renovar su identidad sin perder el esp\u00edritu con el que fue creada, manteniendo inalterables sus principios.&nbsp;<\/span><\/p><\/blockquote>\n<p><span style=\"font-family: 'Open Sans Condensed';\">Conformada por la segunda y tercera generaci\u00f3n de constructores que ha decidido reinventar la empresa familiar para mantenerla competitiva en un escenario cada vez m\u00e1s cambiante, buscamos preservar los valores que nos gu\u00edan en las acciones y toma de decisiones en el sector de la construcci\u00f3n.<\/span><\/p>\n<blockquote><p><span style=\"font-family: 'Open Sans Condensed';\">A partir del crecimiento y manteniendo su esp\u00edritu fundacional, la empresa brinda servicios en la construcci\u00f3n de obras p\u00fablicas y privadas, industriales, agropecuarias, civiles y de arquitectura, capitalizando toda la experiencia acumulada en los diferentes proyectos ejecutados en la Rep\u00fablica Argentina para asegurar a sus clientes el respeto de los plazos y costos presupuestados, agregando valor en los procesos toda vez que resulte posible.<\/span><\/p><\/blockquote>\n","protected":false},"excerpt":{"rendered":"<p>Motorizamos la recuperaci\u00f3n del desarrollo y el crecimiento econ\u00f3mico a partir de la provisi\u00f3n de servicios para la construcci\u00f3n de obras p\u00fablicas y privadas. Constructora Godoy S.R.L. es el resultado de la organizaci\u00f3n de una empresa familiar que inici\u00f3 sus actividades en la d\u00e9cada de 1980, que ha cambiado con el transcurso de los a\u00f1os [&hellip;]<\/p>\n","protected":false},"author":2,"featured_media":0,"parent":0,"menu_order":0,"comment_status":"closed","ping_status":"open","template":"","meta":{"ngg_post_thumbnail":0,"footnotes":""},"class_list":["post-2","page","type-page","status-publish","hentry"],"_links":{"self":[{"href":"http:\/\/constructoragodoy.com.ar\/web\/wp-json\/wp\/v2\/pages\/2","targetHints":{"allow":["GET"]}}],"collection":[{"href":"http:\/\/constructoragodoy.com.ar\/web\/wp-json\/wp\/v2\/pages"}],"about":[{"href":"http:\/\/constructoragodoy.com.ar\/web\/wp-json\/wp\/v2\/types\/page"}],"author":[{"embeddable":true,"href":"http:\/\/constructoragodoy.com.ar\/web\/wp-json\/wp\/v2\/users\/2"}],"replies":[{"embeddable":true,"href":"http:\/\/constructoragodoy.com.ar\/web\/wp-json\/wp\/v2\/comments?post=2"}],"version-history":[{"count":7,"href":"http:\/\/constructoragodoy.com.ar\/web\/wp-json\/wp\/v2\/pages\/2\/revisions"}],"predecessor-version":[{"id":275,"href":"http:\/\/constructoragodoy.com.ar\/web\/wp-json\/wp\/v2\/pages\/2\/revisions\/275"}],"wp:attachment":[{"href":"http:\/\/constructoragodoy.com.ar\/web\/wp-json\/wp\/v2\/media?parent=2"}],"curies":[{"name":"wp","href":"https:\/\/api.w.org\/{rel}","templated":true}]}}